{"id":8695,"date":"2024-09-25T20:53:11","date_gmt":"2024-09-25T20:53:11","guid":{"rendered":"http:\/\/ekkisushitremblant.com\/?page_id=8695"},"modified":"2024-12-04T21:35:02","modified_gmt":"2024-12-04T21:35:02","slug":"evenements","status":"publish","type":"page","link":"http:\/\/ekkisushitremblant.com\/fr\/evenements\/","title":{"rendered":"Events"},"content":{"rendered":"<div class=\"wpb-content-wrapper\"><div id=\"space-b\" data-vc-full-width=\"true\" data-vc-full-width-temp=\"true\" data-vc-full-width-init=\"false\" data-vc-stretch-content=\"true\" class=\"vc_row wpb_row vc_row-fluid vc_custom_1727471708702 vc_row-has-fill vc_row-no-padding vc_row-o-content-middle vc_row-flex\"><div class=\"wpb_column vc_column_container vc_col-sm-12\"><div class=\"vc_column-inner\"><div class=\"wpb_wrapper\"><h1 style=\"text-align: center\" class=\"vc_custom_heading vc_do_custom_heading\" >EV\u00c9NEMENTS<\/h1><\/div><\/div><\/div><\/div><div class=\"vc_row-full-width vc_clearfix\"><\/div><div data-vc-full-width=\"true\" data-vc-full-width-temp=\"true\" data-vc-full-width-init=\"false\" data-vc-stretch-content=\"true\" class=\"vc_row wpb_row vc_row-fluid vc_custom_1727359039727\"><div class=\"wpb_column vc_column_container vc_col-sm-3\"><div class=\"vc_column-inner\"><div class=\"wpb_wrapper\"><\/div><\/div><\/div><div class=\"wpb_column vc_column_container vc_col-sm-6\"><div class=\"vc_column-inner\"><div class=\"wpb_wrapper\"><h4 style=\"text-align: center\" class=\"vc_custom_heading vc_do_custom_heading vc_custom_1727471687960\" >Ekki Sushi, le meilleur restaurant de sushi de Mont Tremblant peut \u00eatre privatis\u00e9 pour votre \u00e9v\u00e9nement sp\u00e9cial. Notre \u00e9tablissement est tout d\u00e9sign\u00e9 pour accueillir votre \u00e9v\u00e9nement haut de gamme dans un environnement \u00e9l\u00e9gant et chaleureux.<\/h4><style type=\"text\/css\" data-type=\"the7_shortcodes-inline-css\">.gallery-shortcode.gallery-masonry-shortcode-id-0516042a4dcb61b974d21986258e2e8b figure,\n.gallery-shortcode.gallery-masonry-shortcode-id-0516042a4dcb61b974d21986258e2e8b .rollover,\n.gallery-shortcode.gallery-masonry-shortcode-id-0516042a4dcb61b974d21986258e2e8b img,\n.gallery-shortcode.gallery-masonry-shortcode-id-0516042a4dcb61b974d21986258e2e8b .gallery-rollover {\n  border-radius: 0px;\n}\n.gallery-shortcode.gallery-masonry-shortcode-id-0516042a4dcb61b974d21986258e2e8b.enable-bg-rollover .gallery-rollover {\n  background: -webkit-linear-gradient();\n  background: linear-gradient();\n}\n.gallery-shortcode.gallery-masonry-shortcode-id-0516042a4dcb61b974d21986258e2e8b.enable-bg-rollover.hover-scale figure .rollover:after {\n  background: -webkit-linear-gradient();\n  background: linear-gradient();\n}\n.gallery-shortcode.gallery-masonry-shortcode-id-0516042a4dcb61b974d21986258e2e8b .gallery-zoom-ico {\n  width: 44px;\n  height: 44px;\n  line-height: 44px;\n  border-radius: 100px;\n  margin: -22px 0 0 -22px;\n  border-width: 0px;\n  color: #ffffff;\n}\n.dt-icon-bg-on.gallery-shortcode.gallery-masonry-shortcode-id-0516042a4dcb61b974d21986258e2e8b .gallery-zoom-ico {\n  background: rgba(255,255,255,0.3);\n  box-shadow: none;\n}\n.gallery-shortcode.gallery-masonry-shortcode-id-0516042a4dcb61b974d21986258e2e8b .gallery-zoom-ico:before,\n.gallery-shortcode.gallery-masonry-shortcode-id-0516042a4dcb61b974d21986258e2e8b .gallery-zoom-ico span {\n  font-size: 32px;\n  line-height: 44px;\n  color: #ffffff;\n}\n.gallery-shortcode.gallery-masonry-shortcode-id-0516042a4dcb61b974d21986258e2e8b:not(.resize-by-browser-width) .dt-css-grid {\n  grid-row-gap: 10px;\n  grid-column-gap: 10px;\n  grid-template-columns: repeat(auto-fill,minmax(,1fr));\n}\n.gallery-shortcode.gallery-masonry-shortcode-id-0516042a4dcb61b974d21986258e2e8b:not(.resize-by-browser-width) .dt-css-grid .double-width {\n  grid-column: span 2;\n}\n.cssgridlegacy.no-cssgrid .gallery-shortcode.gallery-masonry-shortcode-id-0516042a4dcb61b974d21986258e2e8b:not(.resize-by-browser-width) .dt-css-grid,\n.no-cssgridlegacy.no-cssgrid .gallery-shortcode.gallery-masonry-shortcode-id-0516042a4dcb61b974d21986258e2e8b:not(.resize-by-browser-width) .dt-css-grid {\n  display: flex;\n  flex-flow: row wrap;\n  margin: -5px;\n}\n.cssgridlegacy.no-cssgrid .gallery-shortcode.gallery-masonry-shortcode-id-0516042a4dcb61b974d21986258e2e8b:not(.resize-by-browser-width) .dt-css-grid .wf-cell,\n.no-cssgridlegacy.no-cssgrid .gallery-shortcode.gallery-masonry-shortcode-id-0516042a4dcb61b974d21986258e2e8b:not(.resize-by-browser-width) .dt-css-grid .wf-cell {\n  flex: 1 0 ;\n  max-width: 100%;\n  padding: 5px;\n  box-sizing: border-box;\n}\n.gallery-shortcode.gallery-masonry-shortcode-id-0516042a4dcb61b974d21986258e2e8b.resize-by-browser-width .dt-css-grid {\n  grid-template-columns: repeat(4,1fr);\n  grid-template-rows: auto;\n  grid-column-gap: 10px;\n  grid-row-gap: 10px;\n}\n.gallery-shortcode.gallery-masonry-shortcode-id-0516042a4dcb61b974d21986258e2e8b.resize-by-browser-width .dt-css-grid .double-width {\n  grid-column: span 2;\n}\n.cssgridlegacy.no-cssgrid .gallery-shortcode.gallery-masonry-shortcode-id-0516042a4dcb61b974d21986258e2e8b.resize-by-browser-width .dt-css-grid {\n  margin: -5px;\n}\n.cssgridlegacy.no-cssgrid .gallery-shortcode.gallery-masonry-shortcode-id-0516042a4dcb61b974d21986258e2e8b.resize-by-browser-width .dt-css-grid .wf-cell {\n  width: 25%;\n  padding: 5px;\n}\n.cssgridlegacy.no-cssgrid .gallery-shortcode.gallery-masonry-shortcode-id-0516042a4dcb61b974d21986258e2e8b.resize-by-browser-width .dt-css-grid .wf-cell.double-width {\n  width: calc(25%) * 2;\n}\n.gallery-shortcode.gallery-masonry-shortcode-id-0516042a4dcb61b974d21986258e2e8b.resize-by-browser-width:not(.centered-layout-list):not(.content-bg-on) .dt-css-grid {\n  grid-row-gap: 10px - ;\n}\n@media screen and (max-width: 1199px) {\n  .gallery-shortcode.gallery-masonry-shortcode-id-0516042a4dcb61b974d21986258e2e8b.resize-by-browser-width .dt-css-grid {\n    grid-template-columns: repeat(4,1fr);\n  }\n  .cssgridlegacy.no-cssgrid .gallery-shortcode.gallery-masonry-shortcode-id-0516042a4dcb61b974d21986258e2e8b.resize-by-browser-width .dt-css-grid .wf-cell,\n  .no-cssgridlegacy.no-cssgrid .gallery-shortcode.gallery-masonry-shortcode-id-0516042a4dcb61b974d21986258e2e8b.resize-by-browser-width .dt-css-grid .wf-cell {\n    width: 25%;\n  }\n  .cssgridlegacy.no-cssgrid .gallery-shortcode.gallery-masonry-shortcode-id-0516042a4dcb61b974d21986258e2e8b.resize-by-browser-width .dt-css-grid .wf-cell.double-width,\n  .no-cssgridlegacy.no-cssgrid .gallery-shortcode.gallery-masonry-shortcode-id-0516042a4dcb61b974d21986258e2e8b.resize-by-browser-width .dt-css-grid .wf-cell.double-width {\n    width: calc(25%)*2;\n  }\n}\n@media screen and (max-width: 991px) {\n  .gallery-shortcode.gallery-masonry-shortcode-id-0516042a4dcb61b974d21986258e2e8b.resize-by-browser-width .dt-css-grid {\n    grid-template-columns: repeat(3,1fr);\n  }\n  .cssgridlegacy.no-cssgrid .gallery-shortcode.gallery-masonry-shortcode-id-0516042a4dcb61b974d21986258e2e8b.resize-by-browser-width .dt-css-grid .wf-cell,\n  .no-cssgridlegacy.no-cssgrid .gallery-shortcode.gallery-masonry-shortcode-id-0516042a4dcb61b974d21986258e2e8b.resize-by-browser-width .dt-css-grid .wf-cell {\n    width: 33.333333333333%;\n  }\n  .cssgridlegacy.no-cssgrid .gallery-shortcode.gallery-masonry-shortcode-id-0516042a4dcb61b974d21986258e2e8b.resize-by-browser-width .dt-css-grid .wf-cell.double-width,\n  .no-cssgridlegacy.no-cssgrid .gallery-shortcode.gallery-masonry-shortcode-id-0516042a4dcb61b974d21986258e2e8b.resize-by-browser-width .dt-css-grid .wf-cell.double-width {\n    width: calc(33.333333333333%)*2;\n  }\n}\n@media screen and (max-width: 767px) {\n  .gallery-shortcode.gallery-masonry-shortcode-id-0516042a4dcb61b974d21986258e2e8b.resize-by-browser-width .dt-css-grid {\n    grid-template-columns: repeat(2,1fr);\n  }\n  .cssgridlegacy.no-cssgrid .gallery-shortcode.gallery-masonry-shortcode-id-0516042a4dcb61b974d21986258e2e8b.resize-by-browser-width .dt-css-grid .wf-cell,\n  .no-cssgridlegacy.no-cssgrid .gallery-shortcode.gallery-masonry-shortcode-id-0516042a4dcb61b974d21986258e2e8b.resize-by-browser-width .dt-css-grid .wf-cell {\n    width: 50%;\n  }\n  .cssgridlegacy.no-cssgrid .gallery-shortcode.gallery-masonry-shortcode-id-0516042a4dcb61b974d21986258e2e8b.resize-by-browser-width .dt-css-grid .wf-cell.double-width,\n  .no-cssgridlegacy.no-cssgrid .gallery-shortcode.gallery-masonry-shortcode-id-0516042a4dcb61b974d21986258e2e8b.resize-by-browser-width .dt-css-grid .wf-cell.double-width {\n    width: calc(50%)*2;\n  }\n}\n<\/style><div class=\"gallery-shortcode dt-gallery-container gallery-masonry-shortcode-id-0516042a4dcb61b974d21986258e2e8b mode-masonry jquery-filter dt-icon-bg-off quick-scale-img enable-bg-rollover resize-by-browser-width  hover-fade loading-effect-none description-on-hover\" data-padding=\"5px\" data-cur-page=\"1\" data-post-limit=\"-1\" data-pagination-mode=\"none\" data-desktop-columns-num=\"4\" data-v-tablet-columns-num=\"3\" data-h-tablet-columns-num=\"4\" data-phone-columns-num=\"2\" data-width=\"0px\" data-columns=\"0\"><div class=\"iso-container\" ><div class=\"wf-cell iso-item\" data-post-id=\"8721\" data-date=\"2024-09-26T13:42:56+00:00\" data-name=\"evnts-3\"><figure class=\"post visible\"><a href=\"http:\/\/ekkisushitremblant.com\/wp-content\/uploads\/2024\/09\/evnts-3-2.webp\" class=\"rollover dt-pswp-item layzr-bg\" data-large_image_width=\"640\" data-large_image_height=\"480\" data-dt-img-description=\"\" title=\"evnts-3\"><img fetchpriority=\"high\" decoding=\"async\" class=\"preload-me iso-lazy-load aspect\" src=\"data:image\/svg+xml,%3Csvg%20xmlns%3D&#39;http%3A%2F%2Fwww.w3.org%2F2000%2Fsvg&#39;%20viewBox%3D&#39;0%200%20360%20480&#39;%2F%3E\" data-src=\"http:\/\/ekkisushitremblant.com\/wp-content\/uploads\/2024\/09\/evnts-3-2-360x480.webp\" data-srcset=\"http:\/\/ekkisushitremblant.com\/wp-content\/uploads\/2024\/09\/evnts-3-2-360x480.webp 360w\" loading=\"eager\" style=\"--ratio: 360 \/ 480\" sizes=\"(max-width: 360px) 100vw, 360px\" alt=\"\" width=\"360\" height=\"480\"  \/><span class=\"gallery-rollover\"><span class=\"gallery-zoom-ico icomoon-the7-font-the7-zoom-06\"><span><\/span><\/span><\/span><\/a><\/figure><\/div><div class=\"wf-cell iso-item\" data-post-id=\"8715\" data-date=\"2024-09-26T13:15:49+00:00\" data-name=\"special events tremblant-15\"><figure class=\"post visible\"><a href=\"http:\/\/ekkisushitremblant.com\/wp-content\/uploads\/2024\/09\/special-events-tremblant-15.webp\" class=\"rollover dt-pswp-item layzr-bg\" data-large_image_width=\"900\" data-large_image_height=\"1100\" data-dt-img-description=\"\" title=\"special events tremblant-15\"><img decoding=\"async\" class=\"preload-me iso-lazy-load aspect\" src=\"data:image\/svg+xml,%3Csvg%20xmlns%3D&#39;http%3A%2F%2Fwww.w3.org%2F2000%2Fsvg&#39;%20viewBox%3D&#39;0%200%20379%20505&#39;%2F%3E\" data-src=\"http:\/\/ekkisushitremblant.com\/wp-content\/uploads\/2024\/09\/special-events-tremblant-15-379x505.webp\" data-srcset=\"http:\/\/ekkisushitremblant.com\/wp-content\/uploads\/2024\/09\/special-events-tremblant-15-379x505.webp 379w, http:\/\/ekkisushitremblant.com\/wp-content\/uploads\/2024\/09\/special-events-tremblant-15-569x758.webp 569w\" loading=\"eager\" style=\"--ratio: 379 \/ 505\" sizes=\"(max-width: 379px) 100vw, 379px\" alt=\"\" width=\"379\" height=\"505\"  \/><span class=\"gallery-rollover\"><span class=\"gallery-zoom-ico icomoon-the7-font-the7-zoom-06\"><span><\/span><\/span><\/span><\/a><\/figure><\/div><div class=\"wf-cell iso-item\" data-post-id=\"8710\" data-date=\"2024-09-26T12:48:15+00:00\" data-name=\"Events\"><figure class=\"post visible\"><a href=\"http:\/\/ekkisushitremblant.com\/wp-content\/uploads\/2024\/09\/events-1-scaled.webp\" class=\"rollover dt-pswp-item layzr-bg\" data-large_image_width=\"2560\" data-large_image_height=\"1920\" data-dt-img-description=\"Events at Ekki Sushi\" title=\"Events\"><img decoding=\"async\" class=\"preload-me iso-lazy-load aspect\" src=\"data:image\/svg+xml,%3Csvg%20xmlns%3D&#39;http%3A%2F%2Fwww.w3.org%2F2000%2Fsvg&#39;%20viewBox%3D&#39;0%200%20379%20505&#39;%2F%3E\" data-src=\"http:\/\/ekkisushitremblant.com\/wp-content\/uploads\/2024\/09\/events-1-scaled-379x505.webp\" data-srcset=\"http:\/\/ekkisushitremblant.com\/wp-content\/uploads\/2024\/09\/events-1-scaled-379x505.webp 379w, http:\/\/ekkisushitremblant.com\/wp-content\/uploads\/2024\/09\/events-1-scaled-569x758.webp 569w\" loading=\"eager\" style=\"--ratio: 379 \/ 505\" sizes=\"(max-width: 379px) 100vw, 379px\" alt=\"Events at Ekki Sushi\" width=\"379\" height=\"505\"  \/><span class=\"gallery-rollover\"><span class=\"gallery-zoom-ico icomoon-the7-font-the7-zoom-06\"><span><\/span><\/span><\/span><\/a><\/figure><\/div><div class=\"wf-cell iso-item\" data-post-id=\"8524\" data-date=\"2024-05-24T15:07:53+00:00\" data-name=\"events-4\"><figure class=\"post visible\"><a href=\"http:\/\/ekkisushitremblant.com\/wp-content\/uploads\/2024\/05\/events-4.png\" class=\"rollover dt-pswp-item layzr-bg\" data-large_image_width=\"736\" data-large_image_height=\"736\" data-dt-img-description=\"\" title=\"events-4\"><img decoding=\"async\" class=\"preload-me iso-lazy-load aspect\" src=\"data:image\/svg+xml,%3Csvg%20xmlns%3D&#39;http%3A%2F%2Fwww.w3.org%2F2000%2Fsvg&#39;%20viewBox%3D&#39;0%200%20379%20505&#39;%2F%3E\" data-src=\"http:\/\/ekkisushitremblant.com\/wp-content\/uploads\/2024\/05\/events-4-379x505.png\" data-srcset=\"http:\/\/ekkisushitremblant.com\/wp-content\/uploads\/2024\/05\/events-4-379x505.png 379w, http:\/\/ekkisushitremblant.com\/wp-content\/uploads\/2024\/05\/events-4-552x736.png 552w\" loading=\"eager\" style=\"--ratio: 379 \/ 505\" sizes=\"(max-width: 379px) 100vw, 379px\" alt=\"Special event\" width=\"379\" height=\"505\"  \/><span class=\"gallery-rollover\"><span class=\"gallery-zoom-ico icomoon-the7-font-the7-zoom-06\"><span><\/span><\/span><\/span><\/a><\/figure><\/div><\/div><!-- iso-container|iso-grid --><\/div><\/div><\/div><\/div><div class=\"wpb_column vc_column_container vc_col-sm-3\"><div class=\"vc_column-inner\"><div class=\"wpb_wrapper\"><\/div><\/div><\/div><\/div><div class=\"vc_row-full-width vc_clearfix\"><\/div>\n<\/div>","protected":false},"excerpt":{"rendered":"<p>Ekki Sushi, le meilleur restaurant de sushi de Mont Tremblant peut \u00eatre privatis\u00e9 pour votre \u00e9v\u00e9nement sp\u00e9cial. Notre \u00e9tablissement est tout d\u00e9sign\u00e9 pour accueillir votre \u00e9v\u00e9nement haut de gamme dans un environnement \u00e9l\u00e9gant et chaleureux.<\/p>","protected":false},"author":2,"featured_media":0,"parent":0,"menu_order":0,"comment_status":"closed","ping_status":"closed","template":"","meta":{"footnotes":""},"class_list":["post-8695","page","type-page","status-publish","hentry","description-off"],"yoast_head":"<!-- This site is optimized with the Yoast SEO plugin v27.3 - https:\/\/yoast.com\/product\/yoast-seo-wordpress\/ -->\n<title>Events | Ekki Sushi Tremblant<\/title>\n<meta name=\"description\" content=\"Ekki Sushi can be privatized for your special event should you want to hold a company\u2019s event, a birthday party or any other events.\" \/>\n<meta name=\"robots\" content=\"index, follow, max-snippet:-1, max-image-preview:large, max-video-preview:-1\" \/>\n<link rel=\"canonical\" href=\"http:\/\/ekkisushitremblant.com\/fr\/evenements\/\" \/>\n<meta property=\"og:locale\" content=\"fr_CA\" \/>\n<meta property=\"og:type\" content=\"article\" \/>\n<meta property=\"og:title\" content=\"Events | Ekki Sushi Tremblant\" \/>\n<meta property=\"og:description\" content=\"Ekki Sushi can be privatized for your special event should you want to hold a company\u2019s event, a birthday party or any other events.\" \/>\n<meta property=\"og:url\" content=\"http:\/\/ekkisushitremblant.com\/fr\/evenements\/\" \/>\n<meta property=\"og:site_name\" content=\"Ekki Sushi Tremblant\" \/>\n<meta property=\"article:publisher\" content=\"https:\/\/www.facebook.com\/ekkisushitremblant\/\" \/>\n<meta property=\"article:modified_time\" content=\"2024-12-04T21:35:02+00:00\" \/>\n<meta name=\"twitter:card\" content=\"summary_large_image\" \/>\n<meta name=\"twitter:label1\" content=\"Estimation du temps de lecture\" \/>\n\t<meta name=\"twitter:data1\" content=\"1 minute\" \/>\n<script type=\"application\/ld+json\" class=\"yoast-schema-graph\">{\"@context\":\"https:\\\/\\\/schema.org\",\"@graph\":[{\"@type\":\"WebPage\",\"@id\":\"http:\\\/\\\/ekkisushitremblant.com\\\/events\\\/\",\"url\":\"http:\\\/\\\/ekkisushitremblant.com\\\/events\\\/\",\"name\":\"Events | Ekki Sushi Tremblant\",\"isPartOf\":{\"@id\":\"https:\\\/\\\/ekkisushitremblant.com\\\/#website\"},\"datePublished\":\"2024-09-25T20:53:11+00:00\",\"dateModified\":\"2024-12-04T21:35:02+00:00\",\"description\":\"Ekki Sushi can be privatized for your special event should you want to hold a company\u2019s event, a birthday party or any other events.\",\"breadcrumb\":{\"@id\":\"http:\\\/\\\/ekkisushitremblant.com\\\/events\\\/#breadcrumb\"},\"inLanguage\":\"fr-CA\",\"potentialAction\":[{\"@type\":\"ReadAction\",\"target\":[\"http:\\\/\\\/ekkisushitremblant.com\\\/events\\\/\"]}]},{\"@type\":\"BreadcrumbList\",\"@id\":\"http:\\\/\\\/ekkisushitremblant.com\\\/events\\\/#breadcrumb\",\"itemListElement\":[{\"@type\":\"ListItem\",\"position\":1,\"name\":\"Home\",\"item\":\"https:\\\/\\\/ekkisushitremblant.com\\\/\"},{\"@type\":\"ListItem\",\"position\":2,\"name\":\"Events\"}]},{\"@type\":\"WebSite\",\"@id\":\"https:\\\/\\\/ekkisushitremblant.com\\\/#website\",\"url\":\"https:\\\/\\\/ekkisushitremblant.com\\\/\",\"name\":\"Ekki Sushi Tremblant\",\"description\":\"Authentic Japanese Restaurant\",\"potentialAction\":[{\"@type\":\"SearchAction\",\"target\":{\"@type\":\"EntryPoint\",\"urlTemplate\":\"https:\\\/\\\/ekkisushitremblant.com\\\/?s={search_term_string}\"},\"query-input\":{\"@type\":\"PropertyValueSpecification\",\"valueRequired\":true,\"valueName\":\"search_term_string\"}}],\"inLanguage\":\"fr-CA\"}]}<\/script>\n<!-- \/ Yoast SEO plugin. -->","yoast_head_json":{"title":"\u00c9v\u00e9nements | Ekki Sushi Tremblant","description":"Ekki Sushi can be privatized for your special event should you want to hold a company\u2019s event, a birthday party or any other events.","robots":{"index":"index","follow":"follow","max-snippet":"max-snippet:-1","max-image-preview":"max-image-preview:large","max-video-preview":"max-video-preview:-1"},"canonical":"http:\/\/ekkisushitremblant.com\/fr\/evenements\/","og_locale":"fr_CA","og_type":"article","og_title":"Events | Ekki Sushi Tremblant","og_description":"Ekki Sushi can be privatized for your special event should you want to hold a company\u2019s event, a birthday party or any other events.","og_url":"http:\/\/ekkisushitremblant.com\/fr\/evenements\/","og_site_name":"Ekki Sushi Tremblant","article_publisher":"https:\/\/www.facebook.com\/ekkisushitremblant\/","article_modified_time":"2024-12-04T21:35:02+00:00","twitter_card":"summary_large_image","twitter_misc":{"Estimation du temps de lecture":"1 minute"},"schema":{"@context":"https:\/\/schema.org","@graph":[{"@type":"WebPage","@id":"http:\/\/ekkisushitremblant.com\/events\/","url":"http:\/\/ekkisushitremblant.com\/events\/","name":"\u00c9v\u00e9nements | Ekki Sushi Tremblant","isPartOf":{"@id":"https:\/\/ekkisushitremblant.com\/#website"},"datePublished":"2024-09-25T20:53:11+00:00","dateModified":"2024-12-04T21:35:02+00:00","description":"Ekki Sushi can be privatized for your special event should you want to hold a company\u2019s event, a birthday party or any other events.","breadcrumb":{"@id":"http:\/\/ekkisushitremblant.com\/events\/#breadcrumb"},"inLanguage":"fr-CA","potentialAction":[{"@type":"ReadAction","target":["http:\/\/ekkisushitremblant.com\/events\/"]}]},{"@type":"BreadcrumbList","@id":"http:\/\/ekkisushitremblant.com\/events\/#breadcrumb","itemListElement":[{"@type":"ListItem","position":1,"name":"Home","item":"https:\/\/ekkisushitremblant.com\/"},{"@type":"ListItem","position":2,"name":"Events"}]},{"@type":"WebSite","@id":"https:\/\/ekkisushitremblant.com\/#website","url":"https:\/\/ekkisushitremblant.com\/","name":"Ekki Sushi Tremblant","description":"Restaurant Japonais Authentique","potentialAction":[{"@type":"SearchAction","target":{"@type":"EntryPoint","urlTemplate":"https:\/\/ekkisushitremblant.com\/?s={search_term_string}"},"query-input":{"@type":"PropertyValueSpecification","valueRequired":true,"valueName":"search_term_string"}}],"inLanguage":"fr-CA"}]}},"_links":{"self":[{"href":"http:\/\/ekkisushitremblant.com\/fr\/wp-json\/wp\/v2\/pages\/8695","targetHints":{"allow":["GET"]}}],"collection":[{"href":"http:\/\/ekkisushitremblant.com\/fr\/wp-json\/wp\/v2\/pages"}],"about":[{"href":"http:\/\/ekkisushitremblant.com\/fr\/wp-json\/wp\/v2\/types\/page"}],"author":[{"embeddable":true,"href":"http:\/\/ekkisushitremblant.com\/fr\/wp-json\/wp\/v2\/users\/2"}],"replies":[{"embeddable":true,"href":"http:\/\/ekkisushitremblant.com\/fr\/wp-json\/wp\/v2\/comments?post=8695"}],"version-history":[{"count":0,"href":"http:\/\/ekkisushitremblant.com\/fr\/wp-json\/wp\/v2\/pages\/8695\/revisions"}],"wp:attachment":[{"href":"http:\/\/ekkisushitremblant.com\/fr\/wp-json\/wp\/v2\/media?parent=8695"}],"curies":[{"name":"wp","href":"https:\/\/api.w.org\/{rel}","templated":true}]}}