{"id":8735,"date":"2024-09-26T14:32:49","date_gmt":"2024-09-26T14:32:49","guid":{"rendered":"http:\/\/ekkisushitremblant.com\/?page_id=8735"},"modified":"2024-12-04T21:30:28","modified_gmt":"2024-12-04T21:30:28","slug":"traiteur","status":"publish","type":"page","link":"http:\/\/ekkisushitremblant.com\/fr\/traiteur\/","title":{"rendered":"Catering"},"content":{"rendered":"<div class=\"wpb-content-wrapper\"><div data-vc-full-width=\"true\" data-vc-full-width-temp=\"true\" data-vc-full-width-init=\"false\" data-vc-stretch-content=\"true\" class=\"vc_row wpb_row vc_row-fluid vc_custom_1727471889584 vc_row-has-fill\"><div class=\"wpb_column vc_column_container vc_col-sm-12\"><div class=\"vc_column-inner\"><div class=\"wpb_wrapper\"><h1 style=\"text-align: center\" class=\"vc_custom_heading vc_do_custom_heading\" >TRAITEUR<\/h1><\/div><\/div><\/div><\/div><div class=\"vc_row-full-width vc_clearfix\"><\/div><div data-vc-full-width=\"true\" data-vc-full-width-temp=\"true\" data-vc-full-width-init=\"false\" data-vc-stretch-content=\"true\" class=\"vc_row wpb_row vc_row-fluid vc_custom_1727365053533\"><div class=\"wpb_column vc_column_container vc_col-sm-3\"><div class=\"vc_column-inner\"><div class=\"wpb_wrapper\"><\/div><\/div><\/div><div class=\"wpb_column vc_column_container vc_col-sm-6\"><div class=\"vc_column-inner\"><div class=\"wpb_wrapper\"><h4 style=\"text-align: center\" class=\"vc_custom_heading vc_do_custom_heading vc_custom_1727365098576\" >Ekki Sushi propose un service de traiteur, nous pouvons livrer \u00e0 votre domicile ou \u00e0 votre entreprise des assortiments de Sushi et de Sashimi pour le plus grand plaisir de vos invit\u00e9s.<\/h4><style type=\"text\/css\" data-type=\"the7_shortcodes-inline-css\">.gallery-shortcode.gallery-masonry-shortcode-id-4fe386e23b646fd7873a292dd40baba4 figure,\n.gallery-shortcode.gallery-masonry-shortcode-id-4fe386e23b646fd7873a292dd40baba4 .rollover,\n.gallery-shortcode.gallery-masonry-shortcode-id-4fe386e23b646fd7873a292dd40baba4 img,\n.gallery-shortcode.gallery-masonry-shortcode-id-4fe386e23b646fd7873a292dd40baba4 .gallery-rollover {\n  border-radius: 0px;\n}\n.gallery-shortcode.gallery-masonry-shortcode-id-4fe386e23b646fd7873a292dd40baba4.enable-bg-rollover .gallery-rollover {\n  background: -webkit-linear-gradient();\n  background: linear-gradient();\n}\n.gallery-shortcode.gallery-masonry-shortcode-id-4fe386e23b646fd7873a292dd40baba4.enable-bg-rollover.hover-scale figure .rollover:after {\n  background: -webkit-linear-gradient();\n  background: linear-gradient();\n}\n.gallery-shortcode.gallery-masonry-shortcode-id-4fe386e23b646fd7873a292dd40baba4 .gallery-zoom-ico {\n  width: 44px;\n  height: 44px;\n  line-height: 44px;\n  border-radius: 100px;\n  margin: -22px 0 0 -22px;\n  border-width: 0px;\n  color: #ffffff;\n}\n.dt-icon-bg-on.gallery-shortcode.gallery-masonry-shortcode-id-4fe386e23b646fd7873a292dd40baba4 .gallery-zoom-ico {\n  background: rgba(255,255,255,0.3);\n  box-shadow: none;\n}\n.gallery-shortcode.gallery-masonry-shortcode-id-4fe386e23b646fd7873a292dd40baba4 .gallery-zoom-ico:before,\n.gallery-shortcode.gallery-masonry-shortcode-id-4fe386e23b646fd7873a292dd40baba4 .gallery-zoom-ico span {\n  font-size: 32px;\n  line-height: 44px;\n  color: #ffffff;\n}\n.gallery-shortcode.gallery-masonry-shortcode-id-4fe386e23b646fd7873a292dd40baba4:not(.resize-by-browser-width) .dt-css-grid {\n  grid-row-gap: 10px;\n  grid-column-gap: 10px;\n  grid-template-columns: repeat(auto-fill,minmax(,1fr));\n}\n.gallery-shortcode.gallery-masonry-shortcode-id-4fe386e23b646fd7873a292dd40baba4:not(.resize-by-browser-width) .dt-css-grid .double-width {\n  grid-column: span 2;\n}\n.cssgridlegacy.no-cssgrid .gallery-shortcode.gallery-masonry-shortcode-id-4fe386e23b646fd7873a292dd40baba4:not(.resize-by-browser-width) .dt-css-grid,\n.no-cssgridlegacy.no-cssgrid .gallery-shortcode.gallery-masonry-shortcode-id-4fe386e23b646fd7873a292dd40baba4:not(.resize-by-browser-width) .dt-css-grid {\n  display: flex;\n  flex-flow: row wrap;\n  margin: -5px;\n}\n.cssgridlegacy.no-cssgrid .gallery-shortcode.gallery-masonry-shortcode-id-4fe386e23b646fd7873a292dd40baba4:not(.resize-by-browser-width) .dt-css-grid .wf-cell,\n.no-cssgridlegacy.no-cssgrid .gallery-shortcode.gallery-masonry-shortcode-id-4fe386e23b646fd7873a292dd40baba4:not(.resize-by-browser-width) .dt-css-grid .wf-cell {\n  flex: 1 0 ;\n  max-width: 100%;\n  padding: 5px;\n  box-sizing: border-box;\n}\n.gallery-shortcode.gallery-masonry-shortcode-id-4fe386e23b646fd7873a292dd40baba4.resize-by-browser-width .dt-css-grid {\n  grid-template-columns: repeat(4,1fr);\n  grid-template-rows: auto;\n  grid-column-gap: 10px;\n  grid-row-gap: 10px;\n}\n.gallery-shortcode.gallery-masonry-shortcode-id-4fe386e23b646fd7873a292dd40baba4.resize-by-browser-width .dt-css-grid .double-width {\n  grid-column: span 2;\n}\n.cssgridlegacy.no-cssgrid .gallery-shortcode.gallery-masonry-shortcode-id-4fe386e23b646fd7873a292dd40baba4.resize-by-browser-width .dt-css-grid {\n  margin: -5px;\n}\n.cssgridlegacy.no-cssgrid .gallery-shortcode.gallery-masonry-shortcode-id-4fe386e23b646fd7873a292dd40baba4.resize-by-browser-width .dt-css-grid .wf-cell {\n  width: 25%;\n  padding: 5px;\n}\n.cssgridlegacy.no-cssgrid .gallery-shortcode.gallery-masonry-shortcode-id-4fe386e23b646fd7873a292dd40baba4.resize-by-browser-width .dt-css-grid .wf-cell.double-width {\n  width: calc(25%) * 2;\n}\n.gallery-shortcode.gallery-masonry-shortcode-id-4fe386e23b646fd7873a292dd40baba4.resize-by-browser-width:not(.centered-layout-list):not(.content-bg-on) .dt-css-grid {\n  grid-row-gap: 10px - ;\n}\n@media screen and (max-width: 1199px) {\n  .gallery-shortcode.gallery-masonry-shortcode-id-4fe386e23b646fd7873a292dd40baba4.resize-by-browser-width .dt-css-grid {\n    grid-template-columns: repeat(4,1fr);\n  }\n  .cssgridlegacy.no-cssgrid .gallery-shortcode.gallery-masonry-shortcode-id-4fe386e23b646fd7873a292dd40baba4.resize-by-browser-width .dt-css-grid .wf-cell,\n  .no-cssgridlegacy.no-cssgrid .gallery-shortcode.gallery-masonry-shortcode-id-4fe386e23b646fd7873a292dd40baba4.resize-by-browser-width .dt-css-grid .wf-cell {\n    width: 25%;\n  }\n  .cssgridlegacy.no-cssgrid .gallery-shortcode.gallery-masonry-shortcode-id-4fe386e23b646fd7873a292dd40baba4.resize-by-browser-width .dt-css-grid .wf-cell.double-width,\n  .no-cssgridlegacy.no-cssgrid .gallery-shortcode.gallery-masonry-shortcode-id-4fe386e23b646fd7873a292dd40baba4.resize-by-browser-width .dt-css-grid .wf-cell.double-width {\n    width: calc(25%)*2;\n  }\n}\n@media screen and (max-width: 991px) {\n  .gallery-shortcode.gallery-masonry-shortcode-id-4fe386e23b646fd7873a292dd40baba4.resize-by-browser-width .dt-css-grid {\n    grid-template-columns: repeat(3,1fr);\n  }\n  .cssgridlegacy.no-cssgrid .gallery-shortcode.gallery-masonry-shortcode-id-4fe386e23b646fd7873a292dd40baba4.resize-by-browser-width .dt-css-grid .wf-cell,\n  .no-cssgridlegacy.no-cssgrid .gallery-shortcode.gallery-masonry-shortcode-id-4fe386e23b646fd7873a292dd40baba4.resize-by-browser-width .dt-css-grid .wf-cell {\n    width: 33.333333333333%;\n  }\n  .cssgridlegacy.no-cssgrid .gallery-shortcode.gallery-masonry-shortcode-id-4fe386e23b646fd7873a292dd40baba4.resize-by-browser-width .dt-css-grid .wf-cell.double-width,\n  .no-cssgridlegacy.no-cssgrid .gallery-shortcode.gallery-masonry-shortcode-id-4fe386e23b646fd7873a292dd40baba4.resize-by-browser-width .dt-css-grid .wf-cell.double-width {\n    width: calc(33.333333333333%)*2;\n  }\n}\n@media screen and (max-width: 767px) {\n  .gallery-shortcode.gallery-masonry-shortcode-id-4fe386e23b646fd7873a292dd40baba4.resize-by-browser-width .dt-css-grid {\n    grid-template-columns: repeat(2,1fr);\n  }\n  .cssgridlegacy.no-cssgrid .gallery-shortcode.gallery-masonry-shortcode-id-4fe386e23b646fd7873a292dd40baba4.resize-by-browser-width .dt-css-grid .wf-cell,\n  .no-cssgridlegacy.no-cssgrid .gallery-shortcode.gallery-masonry-shortcode-id-4fe386e23b646fd7873a292dd40baba4.resize-by-browser-width .dt-css-grid .wf-cell {\n    width: 50%;\n  }\n  .cssgridlegacy.no-cssgrid .gallery-shortcode.gallery-masonry-shortcode-id-4fe386e23b646fd7873a292dd40baba4.resize-by-browser-width .dt-css-grid .wf-cell.double-width,\n  .no-cssgridlegacy.no-cssgrid .gallery-shortcode.gallery-masonry-shortcode-id-4fe386e23b646fd7873a292dd40baba4.resize-by-browser-width .dt-css-grid .wf-cell.double-width {\n    width: calc(50%)*2;\n  }\n}\n<\/style><div class=\"gallery-shortcode dt-gallery-container gallery-masonry-shortcode-id-4fe386e23b646fd7873a292dd40baba4 mode-masonry jquery-filter dt-icon-bg-off quick-scale-img enable-bg-rollover resize-by-browser-width  vc_custom_1727367671840 hover-fade loading-effect-none description-on-hover\" data-padding=\"5px\" data-cur-page=\"1\" data-post-limit=\"-1\" data-pagination-mode=\"none\" data-desktop-columns-num=\"4\" data-v-tablet-columns-num=\"3\" data-h-tablet-columns-num=\"4\" data-phone-columns-num=\"2\" data-width=\"0px\" data-columns=\"0\"><div class=\"iso-container\" ><div class=\"wf-cell iso-item\" data-post-id=\"8650\" data-date=\"2024-09-25T15:47:49+00:00\" data-name=\"Special Events Tremblant\"><figure class=\"post visible\"><a href=\"http:\/\/ekkisushitremblant.com\/wp-content\/uploads\/2024\/09\/special-events-tremblant-4.webp\" class=\"rollover dt-pswp-item layzr-bg\" data-large_image_width=\"900\" data-large_image_height=\"1100\" data-dt-img-description=\"Ekki Sushi Ambience\" title=\"Special Events Tremblant\"><img fetchpriority=\"high\" decoding=\"async\" class=\"preload-me iso-lazy-load aspect\" src=\"data:image\/svg+xml,%3Csvg%20xmlns%3D&#39;http%3A%2F%2Fwww.w3.org%2F2000%2Fsvg&#39;%20viewBox%3D&#39;0%200%20379%20505&#39;%2F%3E\" data-src=\"http:\/\/ekkisushitremblant.com\/wp-content\/uploads\/2024\/09\/special-events-tremblant-4-379x505.webp\" data-srcset=\"http:\/\/ekkisushitremblant.com\/wp-content\/uploads\/2024\/09\/special-events-tremblant-4-379x505.webp 379w, http:\/\/ekkisushitremblant.com\/wp-content\/uploads\/2024\/09\/special-events-tremblant-4-569x758.webp 569w\" loading=\"eager\" style=\"--ratio: 379 \/ 505\" sizes=\"(max-width: 379px) 100vw, 379px\" alt=\"Ekki Sushi Ambience\" width=\"379\" height=\"505\"  \/><span class=\"gallery-rollover\"><span class=\"gallery-zoom-ico icomoon-the7-font-the7-zoom-06\"><span><\/span><\/span><\/span><\/a><\/figure><\/div><div class=\"wf-cell iso-item\" data-post-id=\"8277\" data-date=\"2023-08-15T17:21:09+00:00\" data-name=\"\"><figure class=\"post visible\"><a href=\"http:\/\/ekkisushitremblant.com\/wp-content\/uploads\/2023\/08\/sushi-Tremblant-4-jpg.webp\" class=\"rollover dt-pswp-item layzr-bg\" data-large_image_width=\"720\" data-large_image_height=\"900\" data-dt-img-description=\"\" ><img decoding=\"async\" class=\"preload-me iso-lazy-load aspect\" src=\"data:image\/svg+xml,%3Csvg%20xmlns%3D&#39;http%3A%2F%2Fwww.w3.org%2F2000%2Fsvg&#39;%20viewBox%3D&#39;0%200%20379%20505&#39;%2F%3E\" data-src=\"http:\/\/ekkisushitremblant.com\/wp-content\/uploads\/2023\/08\/sushi-Tremblant-4-jpg-379x505.webp\" data-srcset=\"http:\/\/ekkisushitremblant.com\/wp-content\/uploads\/2023\/08\/sushi-Tremblant-4-jpg-379x505.webp 379w, http:\/\/ekkisushitremblant.com\/wp-content\/uploads\/2023\/08\/sushi-Tremblant-4-jpg-569x758.webp 569w\" loading=\"eager\" style=\"--ratio: 379 \/ 505\" sizes=\"(max-width: 379px) 100vw, 379px\" alt=\"\" width=\"379\" height=\"505\"  \/><span class=\"gallery-rollover\"><span class=\"gallery-zoom-ico icomoon-the7-font-the7-zoom-06\"><span><\/span><\/span><\/span><\/a><\/figure><\/div><div class=\"wf-cell iso-item\" data-post-id=\"8545\" data-date=\"2024-05-24T15:44:12+00:00\" data-name=\"takeout-publication-2b\"><figure class=\"post visible\"><a href=\"http:\/\/ekkisushitremblant.com\/wp-content\/uploads\/2024\/05\/takeout-publication-2b.webp\" class=\"rollover dt-pswp-item layzr-bg\" data-large_image_width=\"893\" data-large_image_height=\"1120\" data-dt-img-description=\"\" title=\"takeout-publication-2b\"><img decoding=\"async\" class=\"preload-me iso-lazy-load aspect\" src=\"data:image\/svg+xml,%3Csvg%20xmlns%3D&#39;http%3A%2F%2Fwww.w3.org%2F2000%2Fsvg&#39;%20viewBox%3D&#39;0%200%20379%20505&#39;%2F%3E\" data-src=\"http:\/\/ekkisushitremblant.com\/wp-content\/uploads\/2024\/05\/takeout-publication-2b-379x505.webp\" data-srcset=\"http:\/\/ekkisushitremblant.com\/wp-content\/uploads\/2024\/05\/takeout-publication-2b-379x505.webp 379w, http:\/\/ekkisushitremblant.com\/wp-content\/uploads\/2024\/05\/takeout-publication-2b-569x758.webp 569w\" loading=\"eager\" style=\"--ratio: 379 \/ 505\" sizes=\"(max-width: 379px) 100vw, 379px\" alt=\"\" width=\"379\" height=\"505\"  \/><span class=\"gallery-rollover\"><span class=\"gallery-zoom-ico icomoon-the7-font-the7-zoom-06\"><span><\/span><\/span><\/span><\/a><\/figure><\/div><div class=\"wf-cell iso-item\" data-post-id=\"8749\" data-date=\"2024-09-26T16:16:29+00:00\" data-name=\"Catering\"><figure class=\"post visible\"><a href=\"http:\/\/ekkisushitremblant.com\/wp-content\/uploads\/2024\/09\/Catering-at-Ekki-Sushi-scaled.webp\" class=\"rollover dt-pswp-item layzr-bg\" data-large_image_width=\"1920\" data-large_image_height=\"2560\" data-dt-img-description=\"\" title=\"Catering\"><img decoding=\"async\" class=\"preload-me iso-lazy-load aspect\" src=\"data:image\/svg+xml,%3Csvg%20xmlns%3D&#39;http%3A%2F%2Fwww.w3.org%2F2000%2Fsvg&#39;%20viewBox%3D&#39;0%200%20379%20505&#39;%2F%3E\" data-src=\"http:\/\/ekkisushitremblant.com\/wp-content\/uploads\/2024\/09\/Catering-at-Ekki-Sushi-scaled-379x505.webp\" data-srcset=\"http:\/\/ekkisushitremblant.com\/wp-content\/uploads\/2024\/09\/Catering-at-Ekki-Sushi-scaled-379x505.webp 379w, http:\/\/ekkisushitremblant.com\/wp-content\/uploads\/2024\/09\/Catering-at-Ekki-Sushi-scaled-569x758.webp 569w\" loading=\"eager\" style=\"--ratio: 379 \/ 505\" sizes=\"(max-width: 379px) 100vw, 379px\" alt=\"Catering at Ekki Sushi\" width=\"379\" height=\"505\"  \/><span class=\"gallery-rollover\"><span class=\"gallery-zoom-ico icomoon-the7-font-the7-zoom-06\"><span><\/span><\/span><\/span><\/a><\/figure><\/div><\/div><!-- iso-container|iso-grid --><\/div><\/div><\/div><\/div><div class=\"wpb_column vc_column_container vc_col-sm-3\"><div class=\"vc_column-inner\"><div class=\"wpb_wrapper\"><\/div><\/div><\/div><\/div><div class=\"vc_row-full-width vc_clearfix\"><\/div>\n<\/div>","protected":false},"excerpt":{"rendered":"<p>Ekki Sushi propose un service de traiteur, nous pouvons livrer \u00e0 votre domicile ou \u00e0 votre entreprise des assortiments de Sushi et de Sashimi pour le plus grand plaisir de vos invit\u00e9s.<\/p>","protected":false},"author":2,"featured_media":0,"parent":0,"menu_order":0,"comment_status":"closed","ping_status":"closed","template":"","meta":{"footnotes":""},"class_list":["post-8735","page","type-page","status-publish","hentry","description-off"],"yoast_head":"<!-- This site is optimized with the Yoast SEO plugin v27.4 - https:\/\/yoast.com\/product\/yoast-seo-wordpress\/ -->\n<title>Catering Ekki Sushi | Ekki Sushi Tremblant<\/title>\n<meta name=\"description\" content=\"Ekki Sushi offers a catering service, we can deliver to your home or company assortments of Sushi and Sashimi for the delight of your guests.\" \/>\n<meta name=\"robots\" content=\"index, follow, max-snippet:-1, max-image-preview:large, max-video-preview:-1\" \/>\n<link rel=\"canonical\" href=\"https:\/\/ekkisushitremblant.com\/fr\/traiteur\/\" \/>\n<meta property=\"og:locale\" content=\"fr_CA\" \/>\n<meta property=\"og:type\" content=\"article\" \/>\n<meta property=\"og:title\" content=\"Catering Ekki Sushi | Ekki Sushi Tremblant\" \/>\n<meta property=\"og:description\" content=\"Ekki Sushi offers a catering service, we can deliver to your home or company assortments of Sushi and Sashimi for the delight of your guests.\" \/>\n<meta property=\"og:url\" content=\"https:\/\/ekkisushitremblant.com\/fr\/traiteur\/\" \/>\n<meta property=\"og:site_name\" content=\"Ekki Sushi Tremblant\" \/>\n<meta property=\"article:publisher\" content=\"https:\/\/www.facebook.com\/ekkisushitremblant\/\" \/>\n<meta property=\"article:modified_time\" content=\"2024-12-04T21:30:28+00:00\" \/>\n<meta name=\"twitter:card\" content=\"summary_large_image\" \/>\n<meta name=\"twitter:label1\" content=\"Estimation du temps de lecture\" \/>\n\t<meta name=\"twitter:data1\" content=\"1 minute\" \/>\n<script type=\"application\/ld+json\" class=\"yoast-schema-graph\">{\"@context\":\"https:\\\/\\\/schema.org\",\"@graph\":[{\"@type\":\"WebPage\",\"@id\":\"https:\\\/\\\/ekkisushitremblant.com\\\/fr\\\/traiteur\\\/\",\"url\":\"https:\\\/\\\/ekkisushitremblant.com\\\/fr\\\/traiteur\\\/\",\"name\":\"Catering Ekki Sushi | Ekki Sushi Tremblant\",\"isPartOf\":{\"@id\":\"https:\\\/\\\/ekkisushitremblant.com\\\/#website\"},\"datePublished\":\"2024-09-26T14:32:49+00:00\",\"dateModified\":\"2024-12-04T21:30:28+00:00\",\"description\":\"Ekki Sushi offers a catering service, we can deliver to your home or company assortments of Sushi and Sashimi for the delight of your guests.\",\"breadcrumb\":{\"@id\":\"https:\\\/\\\/ekkisushitremblant.com\\\/fr\\\/traiteur\\\/#breadcrumb\"},\"inLanguage\":\"fr-CA\",\"potentialAction\":[{\"@type\":\"ReadAction\",\"target\":[\"https:\\\/\\\/ekkisushitremblant.com\\\/fr\\\/traiteur\\\/\"]}]},{\"@type\":\"BreadcrumbList\",\"@id\":\"https:\\\/\\\/ekkisushitremblant.com\\\/fr\\\/traiteur\\\/#breadcrumb\",\"itemListElement\":[{\"@type\":\"ListItem\",\"position\":1,\"name\":\"Home\",\"item\":\"https:\\\/\\\/ekkisushitremblant.com\\\/\"},{\"@type\":\"ListItem\",\"position\":2,\"name\":\"Catering\"}]},{\"@type\":\"WebSite\",\"@id\":\"https:\\\/\\\/ekkisushitremblant.com\\\/#website\",\"url\":\"https:\\\/\\\/ekkisushitremblant.com\\\/\",\"name\":\"Ekki Sushi Tremblant\",\"description\":\"Authentic Japanese Restaurant\",\"potentialAction\":[{\"@type\":\"SearchAction\",\"target\":{\"@type\":\"EntryPoint\",\"urlTemplate\":\"https:\\\/\\\/ekkisushitremblant.com\\\/?s={search_term_string}\"},\"query-input\":{\"@type\":\"PropertyValueSpecification\",\"valueRequired\":true,\"valueName\":\"search_term_string\"}}],\"inLanguage\":\"fr-CA\"}]}<\/script>\n<!-- \/ Yoast SEO plugin. -->","yoast_head_json":{"title":"Catering Ekki Sushi | Ekki Sushi Tremblant","description":"Ekki Sushi propose un service de traiteur, nous pouvons livrer \u00e0 votre domicile ou \u00e0 votre entreprise des assortiments de Sushi et de Sashimi pour le plus grand plaisir de vos invit\u00e9s.","robots":{"index":"index","follow":"follow","max-snippet":"max-snippet:-1","max-image-preview":"max-image-preview:large","max-video-preview":"max-video-preview:-1"},"canonical":"https:\/\/ekkisushitremblant.com\/fr\/traiteur\/","og_locale":"fr_CA","og_type":"article","og_title":"Catering Ekki Sushi | Ekki Sushi Tremblant","og_description":"Ekki Sushi offers a catering service, we can deliver to your home or company assortments of Sushi and Sashimi for the delight of your guests.","og_url":"https:\/\/ekkisushitremblant.com\/fr\/traiteur\/","og_site_name":"Ekki Sushi Tremblant","article_publisher":"https:\/\/www.facebook.com\/ekkisushitremblant\/","article_modified_time":"2024-12-04T21:30:28+00:00","twitter_card":"summary_large_image","twitter_misc":{"Estimation du temps de lecture":"1 minute"},"schema":{"@context":"https:\/\/schema.org","@graph":[{"@type":"WebPage","@id":"https:\/\/ekkisushitremblant.com\/fr\/traiteur\/","url":"https:\/\/ekkisushitremblant.com\/fr\/traiteur\/","name":"Catering Ekki Sushi | Ekki Sushi Tremblant","isPartOf":{"@id":"https:\/\/ekkisushitremblant.com\/#website"},"datePublished":"2024-09-26T14:32:49+00:00","dateModified":"2024-12-04T21:30:28+00:00","description":"Ekki Sushi propose un service de traiteur, nous pouvons livrer \u00e0 votre domicile ou \u00e0 votre entreprise des assortiments de Sushi et de Sashimi pour le plus grand plaisir de vos invit\u00e9s.","breadcrumb":{"@id":"https:\/\/ekkisushitremblant.com\/fr\/traiteur\/#breadcrumb"},"inLanguage":"fr-CA","potentialAction":[{"@type":"ReadAction","target":["https:\/\/ekkisushitremblant.com\/fr\/traiteur\/"]}]},{"@type":"BreadcrumbList","@id":"https:\/\/ekkisushitremblant.com\/fr\/traiteur\/#breadcrumb","itemListElement":[{"@type":"ListItem","position":1,"name":"Home","item":"https:\/\/ekkisushitremblant.com\/"},{"@type":"ListItem","position":2,"name":"Catering"}]},{"@type":"WebSite","@id":"https:\/\/ekkisushitremblant.com\/#website","url":"https:\/\/ekkisushitremblant.com\/","name":"Ekki Sushi Tremblant","description":"Restaurant Japonais Authentique","potentialAction":[{"@type":"SearchAction","target":{"@type":"EntryPoint","urlTemplate":"https:\/\/ekkisushitremblant.com\/?s={search_term_string}"},"query-input":{"@type":"PropertyValueSpecification","valueRequired":true,"valueName":"search_term_string"}}],"inLanguage":"fr-CA"}]}},"_links":{"self":[{"href":"http:\/\/ekkisushitremblant.com\/fr\/wp-json\/wp\/v2\/pages\/8735","targetHints":{"allow":["GET"]}}],"collection":[{"href":"http:\/\/ekkisushitremblant.com\/fr\/wp-json\/wp\/v2\/pages"}],"about":[{"href":"http:\/\/ekkisushitremblant.com\/fr\/wp-json\/wp\/v2\/types\/page"}],"author":[{"embeddable":true,"href":"http:\/\/ekkisushitremblant.com\/fr\/wp-json\/wp\/v2\/users\/2"}],"replies":[{"embeddable":true,"href":"http:\/\/ekkisushitremblant.com\/fr\/wp-json\/wp\/v2\/comments?post=8735"}],"version-history":[{"count":0,"href":"http:\/\/ekkisushitremblant.com\/fr\/wp-json\/wp\/v2\/pages\/8735\/revisions"}],"wp:attachment":[{"href":"http:\/\/ekkisushitremblant.com\/fr\/wp-json\/wp\/v2\/media?parent=8735"}],"curies":[{"name":"wp","href":"https:\/\/api.w.org\/{rel}","templated":true}]}}