{"id":8921,"date":"2024-09-27T18:41:26","date_gmt":"2024-09-27T18:41:26","guid":{"rendered":"http:\/\/ekkisushitremblant.com\/?page_id=8921"},"modified":"2024-12-04T21:33:02","modified_gmt":"2024-12-04T21:33:02","slug":"directions","status":"publish","type":"page","link":"http:\/\/ekkisushitremblant.com\/fr\/directions\/","title":{"rendered":"Directions"},"content":{"rendered":"<div class=\"wpb-content-wrapper\"><div data-vc-full-width=\"true\" data-vc-full-width-temp=\"true\" data-vc-full-width-init=\"false\" data-vc-stretch-content=\"true\" class=\"vc_row wpb_row vc_row-fluid vc_custom_1727471972821 vc_row-has-fill vc_row-no-padding\"><div class=\"wpb_column vc_column_container vc_col-sm-12\"><div class=\"vc_column-inner\"><div class=\"wpb_wrapper\"><h1 style=\"text-align: center\" class=\"vc_custom_heading vc_do_custom_heading\" >DIRECTIONS<\/h1><\/div><\/div><\/div><\/div><div class=\"vc_row-full-width vc_clearfix\"><\/div><div class=\"vc_row wpb_row vc_row-fluid vc_custom_1727463363558 vc_column-gap-35\"><div class=\"wpb_column vc_column_container vc_col-sm-6\"><div class=\"vc_column-inner vc_custom_1727463473164\"><div class=\"wpb_wrapper\"><div class=\"wpb_gmaps_widget wpb_content_element\"><div class=\"wpb_wrapper\"><div class=\"wpb_map_wraper\"><iframe loading=\"lazy\" src=\"https:\/\/www.google.com\/maps\/embed?pb=!1m18!1m12!1m3!1d2761.4973807168294!2d-74.67940448441772!3d46.20055977911659!2m3!1f0!2f0!3f0!3m2!1i1024!2i768!4f13.1!3m3!1m2!1s0x4ccf9d6a426a310d%3A0x7932b4b704f1c435!2s80%20Rue%20des%20Sept%20Sommets%2C%20La%20Conception%2C%20QC%20J0T%201M0%2C%20Canada!5e0!3m2!1sen!2sus!4v1603894667721!5m2!1sen!2sus\" width=\"600\" height=\"450\" frameborder=\"0\" style=\"border:0;\" allowfullscreen=\"\" aria-hidden=\"false\" tabindex=\"0\"><\/iframe><\/div><\/div><\/div><\/div><\/div><\/div><div class=\"wpb_column vc_column_container vc_col-sm-6\"><div class=\"vc_column-inner\"><div class=\"wpb_wrapper\"><h2 style=\"text-align: left\" class=\"vc_custom_heading vc_do_custom_heading\" >COMMENT SE RENDRE \u00c0 EKKI SUSHI<\/h2>\n\t<div class=\"wpb_text_column wpb_content_element\" >\n\t\t<div class=\"wpb_wrapper\">\n\t\t\t<form action=\"https:\/\/maps.google.com\/maps\" method=\"get\" target=\"_blank\"><label for=\"saddr\">Saisissez votre position pour obtenir un itin\u00e9raire :<\/label><br \/>\n<input class=\"directions_form\" name=\"saddr\" type=\"text\" \/><br \/>\n<input name=\"daddr\" type=\"hidden\" value=\"80 rue des Sept Sommets, La conception, QC J0T 1M0\" \/><br \/>\n<input type=\"submit\" value=\"OBTENIR DES INSTRUCTIONS\" \/><\/form>\n\n\t\t<\/div>\n\t<\/div>\n\n\t<div class=\"wpb_text_column wpb_content_element  vc_custom_1727465370492\" >\n\t\t<div class=\"wpb_wrapper\">\n\t\t\t<p>Ekki Sushi est situ\u00e9 de l'autre c\u00f4t\u00e9 des municipalit\u00e9s de Mont-Tremblant et de La Conception. L'emplacement id\u00e9al de la communaut\u00e9 est \u00e0 seulement 4 minutes du vieux village de Mont-Tremblant, \u00e0 8 minutes du c\u00e9l\u00e8bre centre de ski de Tremblant et \u00e0 15 minutes du centre-ville de Tremblant. Nos r\u00e9sidents et nos invit\u00e9s appr\u00e9cient de vivre dans un environnement absolument vierge et serein sur une superbe montagne tout en \u00e9tant si pr\u00e8s du centre de vill\u00e9giature palpitant de Mont-Tremblant.<\/p>\n\n\t\t<\/div>\n\t<\/div>\n<\/div><\/div><\/div><\/div>\n<\/div>","protected":false},"excerpt":{"rendered":"<p>DIRECTIONSHOW TO GET TO EKKI SUSHI Enter your location to get directions: Ekki Sushi sits across the municipalities of Mont Tremblant and La Conception. The community\u2019s ideal location is only 4 minutes from the Old Village of Mont-Tremblant, 8 minutes from Tremblant\u2019s famous ski resort, and 15 minutes from Downtown Tremblant. Our residents and guests&hellip;<\/p>","protected":false},"author":2,"featured_media":0,"parent":0,"menu_order":0,"comment_status":"closed","ping_status":"closed","template":"","meta":{"footnotes":""},"class_list":["post-8921","page","type-page","status-publish","hentry","description-off"],"yoast_head":"<!-- This site is optimized with the Yoast SEO plugin v27.4 - https:\/\/yoast.com\/product\/yoast-seo-wordpress\/ -->\n<title>Directions | Ekki Sushi Tremblant<\/title>\n<meta name=\"description\" content=\"Enter your location. Get the directions to Ekki Sushi Restaurant in the Bel Air Tremblant resort in Mont-Tremblant using Google Maps.\" \/>\n<meta name=\"robots\" content=\"index, follow, max-snippet:-1, max-image-preview:large, max-video-preview:-1\" \/>\n<link rel=\"canonical\" href=\"http:\/\/ekkisushitremblant.com\/fr\/directions\/\" \/>\n<meta property=\"og:locale\" content=\"fr_CA\" \/>\n<meta property=\"og:type\" content=\"article\" \/>\n<meta property=\"og:title\" content=\"Directions | Ekki Sushi Tremblant\" \/>\n<meta property=\"og:description\" content=\"Enter your location. Get the directions to Ekki Sushi Restaurant in the Bel Air Tremblant resort in Mont-Tremblant using Google Maps.\" \/>\n<meta property=\"og:url\" content=\"http:\/\/ekkisushitremblant.com\/fr\/directions\/\" \/>\n<meta property=\"og:site_name\" content=\"Ekki Sushi Tremblant\" \/>\n<meta property=\"article:publisher\" content=\"https:\/\/www.facebook.com\/ekkisushitremblant\/\" \/>\n<meta property=\"article:modified_time\" content=\"2024-12-04T21:33:02+00:00\" \/>\n<meta name=\"twitter:card\" content=\"summary_large_image\" \/>\n<meta name=\"twitter:label1\" content=\"Estimation du temps de lecture\" \/>\n\t<meta name=\"twitter:data1\" content=\"1 minute\" \/>\n<script type=\"application\/ld+json\" class=\"yoast-schema-graph\">{\"@context\":\"https:\\\/\\\/schema.org\",\"@graph\":[{\"@type\":\"WebPage\",\"@id\":\"http:\\\/\\\/ekkisushitremblant.com\\\/directions\\\/\",\"url\":\"http:\\\/\\\/ekkisushitremblant.com\\\/directions\\\/\",\"name\":\"Directions | Ekki Sushi Tremblant\",\"isPartOf\":{\"@id\":\"https:\\\/\\\/ekkisushitremblant.com\\\/#website\"},\"datePublished\":\"2024-09-27T18:41:26+00:00\",\"dateModified\":\"2024-12-04T21:33:02+00:00\",\"description\":\"Enter your location. Get the directions to Ekki Sushi Restaurant in the Bel Air Tremblant resort in Mont-Tremblant using Google Maps.\",\"breadcrumb\":{\"@id\":\"http:\\\/\\\/ekkisushitremblant.com\\\/directions\\\/#breadcrumb\"},\"inLanguage\":\"fr-CA\",\"potentialAction\":[{\"@type\":\"ReadAction\",\"target\":[\"http:\\\/\\\/ekkisushitremblant.com\\\/directions\\\/\"]}]},{\"@type\":\"BreadcrumbList\",\"@id\":\"http:\\\/\\\/ekkisushitremblant.com\\\/directions\\\/#breadcrumb\",\"itemListElement\":[{\"@type\":\"ListItem\",\"position\":1,\"name\":\"Home\",\"item\":\"https:\\\/\\\/ekkisushitremblant.com\\\/\"},{\"@type\":\"ListItem\",\"position\":2,\"name\":\"Directions\"}]},{\"@type\":\"WebSite\",\"@id\":\"https:\\\/\\\/ekkisushitremblant.com\\\/#website\",\"url\":\"https:\\\/\\\/ekkisushitremblant.com\\\/\",\"name\":\"Ekki Sushi Tremblant\",\"description\":\"Authentic Japanese Restaurant\",\"potentialAction\":[{\"@type\":\"SearchAction\",\"target\":{\"@type\":\"EntryPoint\",\"urlTemplate\":\"https:\\\/\\\/ekkisushitremblant.com\\\/?s={search_term_string}\"},\"query-input\":{\"@type\":\"PropertyValueSpecification\",\"valueRequired\":true,\"valueName\":\"search_term_string\"}}],\"inLanguage\":\"fr-CA\"}]}<\/script>\n<!-- \/ Yoast SEO plugin. -->","yoast_head_json":{"title":"Directions | Ekki Sushi Tremblant","description":"Enter your location. Get the directions to Ekki Sushi Restaurant in the Bel Air Tremblant resort in Mont-Tremblant using Google Maps.","robots":{"index":"index","follow":"follow","max-snippet":"max-snippet:-1","max-image-preview":"max-image-preview:large","max-video-preview":"max-video-preview:-1"},"canonical":"http:\/\/ekkisushitremblant.com\/fr\/directions\/","og_locale":"fr_CA","og_type":"article","og_title":"Directions | Ekki Sushi Tremblant","og_description":"Enter your location. Get the directions to Ekki Sushi Restaurant in the Bel Air Tremblant resort in Mont-Tremblant using Google Maps.","og_url":"http:\/\/ekkisushitremblant.com\/fr\/directions\/","og_site_name":"Ekki Sushi Tremblant","article_publisher":"https:\/\/www.facebook.com\/ekkisushitremblant\/","article_modified_time":"2024-12-04T21:33:02+00:00","twitter_card":"summary_large_image","twitter_misc":{"Estimation du temps de lecture":"1 minute"},"schema":{"@context":"https:\/\/schema.org","@graph":[{"@type":"WebPage","@id":"http:\/\/ekkisushitremblant.com\/directions\/","url":"http:\/\/ekkisushitremblant.com\/directions\/","name":"Directions | Ekki Sushi Tremblant","isPartOf":{"@id":"https:\/\/ekkisushitremblant.com\/#website"},"datePublished":"2024-09-27T18:41:26+00:00","dateModified":"2024-12-04T21:33:02+00:00","description":"Enter your location. Get the directions to Ekki Sushi Restaurant in the Bel Air Tremblant resort in Mont-Tremblant using Google Maps.","breadcrumb":{"@id":"http:\/\/ekkisushitremblant.com\/directions\/#breadcrumb"},"inLanguage":"fr-CA","potentialAction":[{"@type":"ReadAction","target":["http:\/\/ekkisushitremblant.com\/directions\/"]}]},{"@type":"BreadcrumbList","@id":"http:\/\/ekkisushitremblant.com\/directions\/#breadcrumb","itemListElement":[{"@type":"ListItem","position":1,"name":"Home","item":"https:\/\/ekkisushitremblant.com\/"},{"@type":"ListItem","position":2,"name":"Directions"}]},{"@type":"WebSite","@id":"https:\/\/ekkisushitremblant.com\/#website","url":"https:\/\/ekkisushitremblant.com\/","name":"Ekki Sushi Tremblant","description":"Restaurant Japonais Authentique","potentialAction":[{"@type":"SearchAction","target":{"@type":"EntryPoint","urlTemplate":"https:\/\/ekkisushitremblant.com\/?s={search_term_string}"},"query-input":{"@type":"PropertyValueSpecification","valueRequired":true,"valueName":"search_term_string"}}],"inLanguage":"fr-CA"}]}},"_links":{"self":[{"href":"http:\/\/ekkisushitremblant.com\/fr\/wp-json\/wp\/v2\/pages\/8921","targetHints":{"allow":["GET"]}}],"collection":[{"href":"http:\/\/ekkisushitremblant.com\/fr\/wp-json\/wp\/v2\/pages"}],"about":[{"href":"http:\/\/ekkisushitremblant.com\/fr\/wp-json\/wp\/v2\/types\/page"}],"author":[{"embeddable":true,"href":"http:\/\/ekkisushitremblant.com\/fr\/wp-json\/wp\/v2\/users\/2"}],"replies":[{"embeddable":true,"href":"http:\/\/ekkisushitremblant.com\/fr\/wp-json\/wp\/v2\/comments?post=8921"}],"version-history":[{"count":1,"href":"http:\/\/ekkisushitremblant.com\/fr\/wp-json\/wp\/v2\/pages\/8921\/revisions"}],"predecessor-version":[{"id":9708,"href":"http:\/\/ekkisushitremblant.com\/fr\/wp-json\/wp\/v2\/pages\/8921\/revisions\/9708"}],"wp:attachment":[{"href":"http:\/\/ekkisushitremblant.com\/fr\/wp-json\/wp\/v2\/media?parent=8921"}],"curies":[{"name":"wp","href":"https:\/\/api.w.org\/{rel}","templated":true}]}}